{"id":959,"date":"2022-07-27T21:59:56","date_gmt":"2022-07-27T21:59:56","guid":{"rendered":"https:\/\/starbelly-demo.bslthemes.com\/?page_id=959"},"modified":"2024-01-06T11:09:17","modified_gmt":"2024-01-06T11:09:17","slug":"menu-3-2","status":"publish","type":"page","link":"https:\/\/menu.rootsandshots.com\/index.php\/menu-3-2\/","title":{"rendered":"Menu 3"},"content":{"rendered":"\t\t<div data-elementor-type=\"wp-page\" data-elementor-id=\"959\" class=\"elementor elementor-959\">\n\t\t\t\t\t\t\t<div class=\"elementor-element elementor-element-fa1c133 e-con-full e-flex e-con e-parent\" data-id=\"fa1c133\" data-element_type=\"container\" data-settings=\"{&quot;content_width&quot;:&quot;full&quot;}\" data-core-v316-plus=\"true\">\n\t\t<div class=\"elementor-element elementor-element-adefd28 e-con-full e-flex e-con e-child\" data-id=\"adefd28\" data-element_type=\"container\" data-settings=\"{&quot;content_width&quot;:&quot;full&quot;}\">\n\t\t\t\t<div class=\"elementor-element elementor-element-314502c elementor-widget elementor-widget-spacer\" data-id=\"314502c\" data-element_type=\"widget\" data-widget_type=\"spacer.default\">\n\t\t\t\t<div class=\"elementor-widget-container\">\n\t\t\t<style>\/*! elementor - v3.18.0 - 20-12-2023 *\/\n.elementor-column .elementor-spacer-inner{height:var(--spacer-size)}.e-con{--container-widget-width:100%}.e-con-inner>.elementor-widget-spacer,.e-con>.elementor-widget-spacer{width:var(--container-widget-width,var(--spacer-size));--align-self:var(--container-widget-align-self,initial);--flex-shrink:0}.e-con-inner>.elementor-widget-spacer>.elementor-widget-container,.e-con>.elementor-widget-spacer>.elementor-widget-container{height:100%;width:100%}.e-con-inner>.elementor-widget-spacer>.elementor-widget-container>.elementor-spacer,.e-con>.elementor-widget-spacer>.elementor-widget-container>.elementor-spacer{height:100%}.e-con-inner>.elementor-widget-spacer>.elementor-widget-container>.elementor-spacer>.elementor-spacer-inner,.e-con>.elementor-widget-spacer>.elementor-widget-container>.elementor-spacer>.elementor-spacer-inner{height:var(--container-widget-height,var(--spacer-size))}.e-con-inner>.elementor-widget-spacer.elementor-widget-empty,.e-con>.elementor-widget-spacer.elementor-widget-empty{position:relative;min-height:22px;min-width:22px}.e-con-inner>.elementor-widget-spacer.elementor-widget-empty .elementor-widget-empty-icon,.e-con>.elementor-widget-spacer.elementor-widget-empty .elementor-widget-empty-icon{position:absolute;top:0;bottom:0;left:0;right:0;margin:auto;padding:0;width:22px;height:22px}<\/style>\t\t<div class=\"elementor-spacer\">\n\t\t\t<div class=\"elementor-spacer-inner\"><\/div>\n\t\t<\/div>\n\t\t\t\t<\/div>\n\t\t\t\t<\/div>\n\t\t\t\t<div class=\"elementor-element elementor-element-3e67a74 elementor-widget elementor-widget-heading\" data-id=\"3e67a74\" data-element_type=\"widget\" data-widget_type=\"heading.default\">\n\t\t\t\t<div class=\"elementor-widget-container\">\n\t\t\t<style>\/*! elementor - v3.18.0 - 20-12-2023 *\/\n.elementor-heading-title{padding:0;margin:0;line-height:1}.elementor-widget-heading .elementor-heading-title[class*=elementor-size-]>a{color:inherit;font-size:inherit;line-height:inherit}.elementor-widget-heading .elementor-heading-title.elementor-size-small{font-size:15px}.elementor-widget-heading .elementor-heading-title.elementor-size-medium{font-size:19px}.elementor-widget-heading .elementor-heading-title.elementor-size-large{font-size:29px}.elementor-widget-heading .elementor-heading-title.elementor-size-xl{font-size:39px}.elementor-widget-heading .elementor-heading-title.elementor-size-xxl{font-size:59px}<\/style><h2 class=\"elementor-heading-title elementor-size-default\">Men\u00fcm\u00fcz<\/h2>\t\t<\/div>\n\t\t\t\t<\/div>\n\t\t\t\t<\/div>\n\t\t\t\t<\/div>\n\t\t\t\t<section class=\"elementor-section elementor-top-section elementor-element elementor-element-8d62830 elementor-section-full_width elementor-section-height-default elementor-section-height-default\" data-id=\"8d62830\" data-element_type=\"section\">\n\t\t\t\t\t\t<div class=\"elementor-container elementor-column-gap-no\">\n\t\t\t\t\t<div class=\"elementor-column elementor-col-100 elementor-top-column elementor-element elementor-element-f879db4\" data-id=\"f879db4\" data-element_type=\"column\">\n\t\t\t<div class=\"elementor-widget-wrap elementor-element-populated\">\n\t\t\t\t\t\t\t\t<div class=\"elementor-element elementor-element-ac0d27f elementor-widget elementor-widget-starbelly-restaurant-menu-grid\" data-id=\"ac0d27f\" data-element_type=\"widget\" data-widget_type=\"starbelly-restaurant-menu-grid.default\">\n\t\t\t\t<div class=\"elementor-widget-container\">\n\t\t\t\n\t\t<!-- menu section 1 -->\n\t\t<section class=\"sb-menu-section sb-p-90-60\">\n\t\t\t\t\t\t<div class=\"sb-bg-1\">\n\t\t\t<div><\/div>\n\t\t\t<\/div>\n\t\t\t\t\t\t\n\t\t\t<div class=\"container \">\n\t\t\t\t\n\t\t\t\t\t\t\t\t<!-- filter -->\n\t\t\t\t<div class=\"sb-filter mb-30\">\n\t\t\t\t\t<a href=\"#.\" data-filter=\"*\" class=\"sb-filter-link sb-active\">All dishes<\/a>\n\t\t\t\t\t\t\t\t\t\t<a href=\"#.\" data-filter=\".category-smoothie-bowl\" class=\"sb-filter-link\">\n\t\t\t\t\t<span>Smoothie Bowl<\/span>\n\t\t\t\t\t<small>3<\/small>\t\t\t\t\t<\/a>\n\t\t\t\t\t\t\t\t\t\t<a href=\"#.\" data-filter=\".category-kaseler\" class=\"sb-filter-link\">\n\t\t\t\t\t<span>Kaseler<\/span>\n\t\t\t\t\t<small>4<\/small>\t\t\t\t\t<\/a>\n\t\t\t\t\t\t\t\t\t\t<a href=\"#.\" data-filter=\".category-sicaklar\" class=\"sb-filter-link\">\n\t\t\t\t\t<span>S\u0131caklar<\/span>\n\t\t\t\t\t<small>11<\/small>\t\t\t\t\t<\/a>\n\t\t\t\t\t\t\t\t\t\t<a href=\"#.\" data-filter=\".category-zeytinyagli-meze\" class=\"sb-filter-link\">\n\t\t\t\t\t<span>Zeytinya\u011fl\u0131lar &amp; Mezeler<\/span>\n\t\t\t\t\t<small>9<\/small>\t\t\t\t\t<\/a>\n\t\t\t\t\t\t\t\t\t\t<a href=\"#.\" data-filter=\".category-salata\" class=\"sb-filter-link\">\n\t\t\t\t\t<span>Salatalar<\/span>\n\t\t\t\t\t<small>11<\/small>\t\t\t\t\t<\/a>\n\t\t\t\t\t\t\t\t\t\t<a href=\"#.\" data-filter=\".category-tatli\" class=\"sb-filter-link\">\n\t\t\t\t\t<span>Tatl\u0131lar<\/span>\n\t\t\t\t\t<small>4<\/small>\t\t\t\t\t<\/a>\n\t\t\t\t\t\t\t\t\t\t<a href=\"#.\" data-filter=\".category-icecek\" class=\"sb-filter-link\">\n\t\t\t\t\t<span>\u0130\u00e7ecekler<\/span>\n\t\t\t\t\t<small>7<\/small>\t\t\t\t\t<\/a>\n\t\t\t\t\t\t\t\t\t\t<a href=\"#.\" data-filter=\".category-diet-vegan\" class=\"sb-filter-link\">\n\t\t\t\t\t<span>Diet &amp; Vegan<\/span>\n\t\t\t\t\t<small>9<\/small>\t\t\t\t\t<\/a>\n\t\t\t\t\t\t\t\t\t\t<a href=\"#.\" data-filter=\".category-detox-smoothies\" class=\"sb-filter-link\">\n\t\t\t\t\t<span>Detox &amp; Smoothies<\/span>\n\t\t\t\t\t<small>7<\/small>\t\t\t\t\t<\/a>\n\t\t\t\t\t\t\t\t\t<\/div>\n\t\t\t\t<!-- filter end -->\n\t\t\t\t\n\t\t\t\t<div class=\"sb-masonry-grid\">\n\t\t\t\t\t<div class=\"sb-grid-sizer\"><\/div>\n\n\t\t\t\t\t\n\t\t\t\t<\/div>\n\n\t\t\t\t\n\t\t\t\t\n\t\t\t\t\n\t\t\t<\/div>\n\n\t\t<\/section>\n\n\t\t\t\t<\/div>\n\t\t\t\t<\/div>\n\t\t\t\t\t<\/div>\n\t\t<\/div>\n\t\t\t\t\t\t\t<\/div>\n\t\t<\/section>\n\t\t\t\t\t\t\t<\/div>\n\t\t","protected":false},"excerpt":{"rendered":"<p>Men\u00fcm\u00fcz All dishes Smoothie Bowl 3 Kaseler 4 S\u0131caklar 11 Zeytinya\u011fl\u0131lar &amp; Mezeler 9 Salatalar&#8230;<\/p>\n","protected":false},"author":1,"featured_media":0,"parent":0,"menu_order":0,"comment_status":"closed","ping_status":"closed","template":"elementor_header_footer","meta":{"footnotes":""},"acf":[],"_links":{"self":[{"href":"https:\/\/menu.rootsandshots.com\/index.php\/wp-json\/wp\/v2\/pages\/959"}],"collection":[{"href":"https:\/\/menu.rootsandshots.com\/index.php\/wp-json\/wp\/v2\/pages"}],"about":[{"href":"https:\/\/menu.rootsandshots.com\/index.php\/wp-json\/wp\/v2\/types\/page"}],"author":[{"embeddable":true,"href":"https:\/\/menu.rootsandshots.com\/index.php\/wp-json\/wp\/v2\/users\/1"}],"replies":[{"embeddable":true,"href":"https:\/\/menu.rootsandshots.com\/index.php\/wp-json\/wp\/v2\/comments?post=959"}],"version-history":[{"count":29,"href":"https:\/\/menu.rootsandshots.com\/index.php\/wp-json\/wp\/v2\/pages\/959\/revisions"}],"predecessor-version":[{"id":1655,"href":"https:\/\/menu.rootsandshots.com\/index.php\/wp-json\/wp\/v2\/pages\/959\/revisions\/1655"}],"wp:attachment":[{"href":"https:\/\/menu.rootsandshots.com\/index.php\/wp-json\/wp\/v2\/media?parent=959"}],"curies":[{"name":"wp","href":"https:\/\/api.w.org\/{rel}","templated":true}]}}